{"id":383,"date":"2019-06-10T02:15:49","date_gmt":"2019-06-10T02:15:49","guid":{"rendered":"https:\/\/democontent.codex-themes.com\/sites-elementor\/delicious-restaurant\/\/contact-us-2\/"},"modified":"2021-07-16T23:59:08","modified_gmt":"2021-07-16T22:59:08","slug":"our-news","status":"publish","type":"page","link":"https:\/\/elitasmaku.pl\/index.php\/news-page\/our-news\/","title":{"rendered":"Nasze nowosci"},"content":{"rendered":"\t\t<div data-elementor-type=\"wp-page\" data-elementor-id=\"383\" class=\"elementor elementor-383\" data-elementor-post-type=\"page\">\n\t\t\t\t\t\t<section class=\"elementor-section elementor-top-section elementor-element elementor-element-f1bf68d elementor-section-boxed elementor-section-height-default elementor-section-height-default\" data-id=\"f1bf68d\" data-element_type=\"section\" data-settings=\"{&quot;background_background&quot;:&quot;classic&quot;}\">\r\n\t\t\t\t\t\t<div class=\"elementor-container elementor-column-gap-thegem\"><div class=\"elementor-row\">\r\n\t\t\t\t\t<div class=\"elementor-column elementor-col-100 elementor-top-column elementor-element elementor-element-1299793\" data-id=\"1299793\" data-element_type=\"column\">\n\t\t\t<div class=\"elementor-widget-wrap elementor-element-populated\">\n\t\t\t\t\t\t<div class=\"elementor-element elementor-element-52cdf96 flex-horizontal-align-default flex-horizontal-align-tablet-default flex-horizontal-align-mobile-default flex-vertical-align-default flex-vertical-align-tablet-default flex-vertical-align-mobile-default elementor-widget elementor-widget-thegem-blog-grid\" data-id=\"52cdf96\" data-element_type=\"widget\" data-settings=\"{&quot;items_per_page&quot;:10,&quot;categories&quot;:[&quot;blog&quot;],&quot;thegem_elementor_preset&quot;:&quot;style-2&quot;,&quot;query_type&quot;:&quot;post&quot;,&quot;source&quot;:[&quot;categories&quot;],&quot;exclude_blog_posts_type&quot;:&quot;manual&quot;,&quot;order_by&quot;:&quot;default&quot;,&quot;order&quot;:&quot;default&quot;,&quot;image_icon_show&quot;:&quot;yes&quot;}\" data-widget_type=\"thegem-blog-grid.default\">\n\t\t\t\t<div class=\"elementor-widget-container\">\n\t\t\t\t\t\t\t\t<div class=\"preloader\"><div class=\"preloader-spin\"><\/div><\/div>\n\t\t\t<div class=\"blog-grid blog clearfix  justified-style-2  blog-style-masonry  blog-style-4x     \" data-page=\"1\" data-paged=\"1\" data-next-page=\"0\" data-load-more-action=\"thegem_bloggrid_load_more\">\n\t\t\t\n<article id=\"post-356\" class=\"post-item sticky col-lg-6 col-md-6 col-sm-12 col-xs-12 item-animations-not-inited post-356 post type-post status-publish format-standard has-post-thumbnail category-blog category-uncategorized tag-pisza-o-nas\">\n\t\t\t<div class=\"item-lazy-scroll-wrap\">\n\t\n\t\t\t<div class=\"post-content-wrapper\">\n\t\t\n\t\t\t\t\t\t\t<div class=\"sticky-label\">\n\t\t\t\t\t<div class=\"elementor-icon\">\n\t\t\t\t\t\t\t\t\t\t\t\t\t<i class=\"default\"><\/i>\n\t\t\t\t\t\t\t\t\t\t\t<\/div>\n\t\t\t\t<\/div>\n\t\t\t\t\t\t\n\t\t\t\t\t\t\t<div class=\"post-image\"><div class=\"post-featured-content\"><a href=\"https:\/\/elitasmaku.pl\/index.php\/2019\/11\/28\/pisza-o-nas\/\">\t\t<picture>\n\t\t\t\t\t\t<img src=\"https:\/\/elitasmaku.pl\/wp-content\/uploads\/2019\/11\/001-Elita-Smaku-2-ok-thegem-blog-masonry-sticky.jpg\" width=\"1280\" height=\"868\"  class=\"img-responsive\" alt=\"001 Elita Smaku (2) ok\" \/>\n\t\t<\/picture>\n\t\t<\/a><\/div><\/div>\n\t\t\t\n\t\t\t<div class=\"caption-container\">\n\t\t\t\t<div class=\"description\">\n\t\t\t\t\t<div class=\"post-meta-conteiner\">\n\n\t\t\t\t\t\t\t<span class=\"post-meta-author\">\n\t\t\t\t\t\t\t\t\t\t\t\t\t\t\t<\/span>\n\n\t\t\t\t\t\t<div class=\"post-meta-right\">\n\t\t\t\t\t\t\t\n\t\t\t\t\t\t\t\t\t\t\t\t\t\t\t\t\t\t\t\t<\/div>\n\t\t\t\t\t<\/div>\n\n\t\t\t\t\t<div class=\"post-title\">\n\t\t\t\t\t\t\t\t\t\t\t\t\t<div class=\"entry-title title-h4\"><a href=\"https:\/\/elitasmaku.pl\/index.php\/2019\/11\/28\/pisza-o-nas\/\" rel=\"bookmark\"><span class=\"entry-title-date\"><\/span><span class=\"light\">Pisz\u0105 o nas<\/span><\/a><\/div>\t\t\t\t\t\t\t\t\t\t\t<\/div>\n\n\t\t\t\t\t\t\t\t\t\t\t<div class=\"post-text\">\n\t\t\t\t\t\t\t<div class=\"summary\">\n\t\t\t\t\t\t\t\t\t\t\t\t\t\t\t\t\t<p>Pisz\u0105 o nas &#8211; artyku\u0142 na portalu Jaslo4u.pl<\/p>\n\t\t\t\t\t\t\t\t\t\t\t\t\t\t\t<\/div>\n\t\t\t\t\t\t<\/div>\n\t\t\t\t\t\n\t\t\t\t\t<div class=\"info clearfix\">\n\t\t\t\t\t\t\t<div class=\"post-footer-sharing\">\n\t\t\t\t\t\t\t\t\n<div class=\"gem-button-container gem-widget-button gem-button-position-inline\">\n\t<a class=\"gem-button gem-button-size-tiny gem-button-style-flat gem-button-text-weight-normal gem-button-empty\" href=\"#\" target=\"_self\">\n\t\t<div class=\"elementor-icon\">\n\t\t\t\t\t\t\t<i class=\"default\"><\/i>\n\t\t\t\t\t<\/div>\n\t<\/a>\n<\/div>\n\n<div class=\"sharing-popup\">\n\t<div class=\"socials-sharing socials socials-colored-hover\">\n\n\t\t\t\t\t<a class=\"socials-item\" target=\"_blank\" href=\"https:\/\/www.facebook.com\/sharer\/sharer.php?u=https%3A%2F%2Felitasmaku.pl%2Findex.php%2F2019%2F11%2F28%2Fpisza-o-nas%2F\" title=\"Facebook\"><i class=\"socials-item-icon facebook\"><\/i><\/a>\n\t\t\n\t\t\t\t\t<a class=\"socials-item\" target=\"_blank\" href=\"https:\/\/twitter.com\/intent\/tweet?text=Pisz%C4%85+o+nas&#038;url=https%3A%2F%2Felitasmaku.pl%2Findex.php%2F2019%2F11%2F28%2Fpisza-o-nas%2F\" title=\"Twitter\"><i class=\"socials-item-icon twitter\"><\/i><\/a>\n\t\t\n\t\t\t\t\t<a class=\"socials-item\" target=\"_blank\" href=\"https:\/\/pinterest.com\/pin\/create\/button\/?url=https%3A%2F%2Felitasmaku.pl%2Findex.php%2F2019%2F11%2F28%2Fpisza-o-nas%2F&#038;description=Pisz%C4%85+o+nas&#038;media=https%3A%2F%2Felitasmaku.pl%2Fwp-content%2Fuploads%2F2019%2F11%2F001-Elita-Smaku-2-ok-thegem-blog-timeline-large.jpg\" title=\"Pinterest\"><i class=\"socials-item-icon pinterest\"><\/i><\/a>\n\t\t\n\t\t\t\t\t<a class=\"socials-item\" target=\"_blank\" href=\"http:\/\/tumblr.com\/widgets\/share\/tool?canonicalUrl=https%3A%2F%2Felitasmaku.pl%2Findex.php%2F2019%2F11%2F28%2Fpisza-o-nas%2F\" title=\"Tumblr\"><i class=\"socials-item-icon tumblr\"><\/i><\/a>\n\t\t\n\t\t\t\t\t<a class=\"socials-item\" target=\"_blank\" href=\"https:\/\/www.linkedin.com\/shareArticle?mini=true&#038;url=https%3A%2F%2Felitasmaku.pl%2Findex.php%2F2019%2F11%2F28%2Fpisza-o-nas%2F&#038;title=Pisz%C4%85+o+nas&amp;summary=Pisz%C4%85+o+nas+-+artyku%C5%82+na+portalu+Jaslo4u.pl\" title=\"LinkedIn\"><i class=\"socials-item-icon linkedin\"><\/i><\/a>\n\t\t\n\t\t\t\t\t<a class=\"socials-item\" target=\"_blank\" href=\"https:\/\/www.reddit.com\/submit?url=https%3A%2F%2Felitasmaku.pl%2Findex.php%2F2019%2F11%2F28%2Fpisza-o-nas%2F&#038;title=Pisz%C4%85+o+nas\" title=\"Reddit\"><i class=\"socials-item-icon reddit\"><\/i><\/a>\n\t\t\n\t<\/div>\n\t<svg class=\"sharing-styled-arrow\"><use xlink:href=\"https:\/\/elitasmaku.pl\/wp-content\/themes\/thegem-elementor\/css\/post-arrow.svg#dec-post-arrow\"><\/use><\/svg>\n<\/div>\n\t\t\t\t\t\t\t<\/div>\n\t\t\t\t\t\t\t<div class=\"post-read-more\">\n\t\t\t\t\t\t\t\t\t<div class=\"gem-button-container gem-widget-button gem-button-position-inline\">\n\t\t<a class=\"gem-button gem-button-size-tiny gem-button-style-outline\" href=\"https:\/\/elitasmaku.pl\/index.php\/2019\/11\/28\/pisza-o-nas\/\">\n\t\t\t<span class=\"gem-inner-wrapper-btn\">\n\t\t\t\t\t\t\t\t<span class=\"gem-text-button\">\n\t\t\t\t\tCzytaj wi\u0119cej\t\t\t\t<\/span>\n\t\t\t<\/span>\n\t\t<\/a>\n\t<\/div>\n\t\t\t\t\t\t\t<\/div>\n\t\t\t\t\t<\/div>\n\t\t\t\t<\/div>\n\t\t\t<\/div>\n\n\t\t<\/div>\n\n\t\t\t<\/div>\n\t<\/article>\n\n<article id=\"post-358\" class=\"post-item col-lg-3 col-md-3 col-sm-6 col-xs-6 item-animations-not-inited post-358 post type-post status-publish format-standard has-post-thumbnail category-blog category-uncategorized tag-blog\">\n\t\t\t<div class=\"item-lazy-scroll-wrap\">\n\t\n\t\t\t<div class=\"post-content-wrapper\">\n\t\t\n\t\t\t\t\t\t\n\t\t\t\t\t\t\t<div class=\"post-image\"><div class=\"post-featured-content\"><a href=\"https:\/\/elitasmaku.pl\/index.php\/2019\/11\/23\/burgery\/\">\t\t<picture>\n\t\t\t\t\t\t\t\t\t\t\t\t\t\t\t\t\t\t\t<img src=\"https:\/\/elitasmaku.pl\/wp-content\/uploads\/2019\/11\/Email-1024x768oprawione-3-thegem-blog-masonry.jpg\" width=\"640\" height=\"537\"  class=\"img-responsive\" alt=\"Email (1024x768)oprawione (3)\" \/>\n\t\t<\/picture>\n\t\t<\/a><\/div><\/div>\n\t\t\t\n\t\t\t<div class=\"caption-container\">\n\t\t\t\t<div class=\"description\">\n\t\t\t\t\t<div class=\"post-meta-conteiner\">\n\n\t\t\t\t\t\t\t<span class=\"post-meta-author\">\n\t\t\t\t\t\t\t\t\t\t\t\t\t\t\t<\/span>\n\n\t\t\t\t\t\t<div class=\"post-meta-right\">\n\t\t\t\t\t\t\t\n\t\t\t\t\t\t\t\t\t\t\t\t\t\t\t\t\t\t\t\t<\/div>\n\t\t\t\t\t<\/div>\n\n\t\t\t\t\t<div class=\"post-title\">\n\t\t\t\t\t\t\t\t\t\t\t\t\t<div class=\"entry-title title-h4\"><a href=\"https:\/\/elitasmaku.pl\/index.php\/2019\/11\/23\/burgery\/\" rel=\"bookmark\"><span class=\"entry-title-date\"><\/span><span class=\"light\">Nowo\u015bci w Elita Smaku<\/span><\/a><\/div>\t\t\t\t\t\t\t\t\t\t\t<\/div>\n\n\t\t\t\t\t\t\t\t\t\t\t<div class=\"post-text\">\n\t\t\t\t\t\t\t<div class=\"summary\">\n\t\t\t\t\t\t\t\t\t\t\t\t\t\t\t\t\t<p>Zgodnie z sugestia naszych klient\u00f3w wprowadzamy nowe  pozycje do naszego menu.<\/p>\n\t\t\t\t\t\t\t\t\t\t\t\t\t\t\t<\/div>\n\t\t\t\t\t\t<\/div>\n\t\t\t\t\t\n\t\t\t\t\t<div class=\"info clearfix\">\n\t\t\t\t\t\t\t<div class=\"post-footer-sharing\">\n\t\t\t\t\t\t\t\t\n<div class=\"gem-button-container gem-widget-button gem-button-position-inline\">\n\t<a class=\"gem-button gem-button-size-tiny gem-button-style-flat gem-button-text-weight-normal gem-button-empty\" href=\"#\" target=\"_self\">\n\t\t<div class=\"elementor-icon\">\n\t\t\t\t\t\t\t<i class=\"default\"><\/i>\n\t\t\t\t\t<\/div>\n\t<\/a>\n<\/div>\n\n<div class=\"sharing-popup\">\n\t<div class=\"socials-sharing socials socials-colored-hover\">\n\n\t\t\t\t\t<a class=\"socials-item\" target=\"_blank\" href=\"https:\/\/www.facebook.com\/sharer\/sharer.php?u=https%3A%2F%2Felitasmaku.pl%2Findex.php%2F2019%2F11%2F23%2Fburgery%2F\" title=\"Facebook\"><i class=\"socials-item-icon facebook\"><\/i><\/a>\n\t\t\n\t\t\t\t\t<a class=\"socials-item\" target=\"_blank\" href=\"https:\/\/twitter.com\/intent\/tweet?text=Nowo%C5%9Bci+w+Elita+Smaku&#038;url=https%3A%2F%2Felitasmaku.pl%2Findex.php%2F2019%2F11%2F23%2Fburgery%2F\" title=\"Twitter\"><i class=\"socials-item-icon twitter\"><\/i><\/a>\n\t\t\n\t\t\t\t\t<a class=\"socials-item\" target=\"_blank\" href=\"https:\/\/pinterest.com\/pin\/create\/button\/?url=https%3A%2F%2Felitasmaku.pl%2Findex.php%2F2019%2F11%2F23%2Fburgery%2F&#038;description=Nowo%C5%9Bci+w+Elita+Smaku&#038;media=https%3A%2F%2Felitasmaku.pl%2Fwp-content%2Fuploads%2F2019%2F11%2FEmail-1024x768oprawione-3-thegem-blog-timeline-large.jpg\" title=\"Pinterest\"><i class=\"socials-item-icon pinterest\"><\/i><\/a>\n\t\t\n\t\t\t\t\t<a class=\"socials-item\" target=\"_blank\" href=\"http:\/\/tumblr.com\/widgets\/share\/tool?canonicalUrl=https%3A%2F%2Felitasmaku.pl%2Findex.php%2F2019%2F11%2F23%2Fburgery%2F\" title=\"Tumblr\"><i class=\"socials-item-icon tumblr\"><\/i><\/a>\n\t\t\n\t\t\t\t\t<a class=\"socials-item\" target=\"_blank\" href=\"https:\/\/www.linkedin.com\/shareArticle?mini=true&#038;url=https%3A%2F%2Felitasmaku.pl%2Findex.php%2F2019%2F11%2F23%2Fburgery%2F&#038;title=Nowo%C5%9Bci+w+Elita+Smaku&amp;summary=Zgodnie+z+sugestia+naszych+klient%C3%B3w+wprowadzamy+nowe++pozycje+do+naszego+menu.\" title=\"LinkedIn\"><i class=\"socials-item-icon linkedin\"><\/i><\/a>\n\t\t\n\t\t\t\t\t<a class=\"socials-item\" target=\"_blank\" href=\"https:\/\/www.reddit.com\/submit?url=https%3A%2F%2Felitasmaku.pl%2Findex.php%2F2019%2F11%2F23%2Fburgery%2F&#038;title=Nowo%C5%9Bci+w+Elita+Smaku\" title=\"Reddit\"><i class=\"socials-item-icon reddit\"><\/i><\/a>\n\t\t\n\t<\/div>\n\t<svg class=\"sharing-styled-arrow\"><use xlink:href=\"https:\/\/elitasmaku.pl\/wp-content\/themes\/thegem-elementor\/css\/post-arrow.svg#dec-post-arrow\"><\/use><\/svg>\n<\/div>\n\t\t\t\t\t\t\t<\/div>\n\t\t\t\t\t\t\t<div class=\"post-read-more\">\n\t\t\t\t\t\t\t\t\t<div class=\"gem-button-container gem-widget-button gem-button-position-inline\">\n\t\t<a class=\"gem-button gem-button-size-tiny gem-button-style-outline\" href=\"https:\/\/elitasmaku.pl\/index.php\/2019\/11\/23\/burgery\/\">\n\t\t\t<span class=\"gem-inner-wrapper-btn\">\n\t\t\t\t\t\t\t\t<span class=\"gem-text-button\">\n\t\t\t\t\tCzytaj wi\u0119cej\t\t\t\t<\/span>\n\t\t\t<\/span>\n\t\t<\/a>\n\t<\/div>\n\t\t\t\t\t\t\t<\/div>\n\t\t\t\t\t<\/div>\n\t\t\t\t<\/div>\n\t\t\t<\/div>\n\n\t\t<\/div>\n\n\t\t\t<\/div>\n\t<\/article>\n\n<article id=\"post-360\" class=\"post-item col-lg-3 col-md-3 col-sm-6 col-xs-6 item-animations-not-inited post-360 post type-post status-publish format-standard has-post-thumbnail category-blog category-uncategorized\">\n\t\t\t<div class=\"item-lazy-scroll-wrap\">\n\t\n\t\t\t<div class=\"post-content-wrapper\">\n\t\t\n\t\t\t\t\t\t\n\t\t\t\t\t\t\t<div class=\"post-image\"><div class=\"post-featured-content\"><a href=\"https:\/\/elitasmaku.pl\/index.php\/2019\/11\/16\/relaxing-atmosphere\/\">\t\t<picture>\n\t\t\t\t\t\t\t\t\t\t\t\t\t\t\t\t\t\t\t<img src=\"https:\/\/elitasmaku.pl\/wp-content\/uploads\/2019\/11\/Kacperek-ES-thegem-blog-masonry.gif\" width=\"640\" height=\"537\"  class=\"img-responsive\" alt=\"Kacperek ES\" \/>\n\t\t<\/picture>\n\t\t<\/a><\/div><\/div>\n\t\t\t\n\t\t\t<div class=\"caption-container\">\n\t\t\t\t<div class=\"description\">\n\t\t\t\t\t<div class=\"post-meta-conteiner\">\n\n\t\t\t\t\t\t\t<span class=\"post-meta-author\">\n\t\t\t\t\t\t\t\t\t\t\t\t\t\t\t<\/span>\n\n\t\t\t\t\t\t<div class=\"post-meta-right\">\n\t\t\t\t\t\t\t\n\t\t\t\t\t\t\t\t\t\t\t\t\t\t\t\t\t\t\t\t<\/div>\n\t\t\t\t\t<\/div>\n\n\t\t\t\t\t<div class=\"post-title\">\n\t\t\t\t\t\t\t\t\t\t\t\t\t<div class=\"entry-title title-h4\"><a href=\"https:\/\/elitasmaku.pl\/index.php\/2019\/11\/16\/relaxing-atmosphere\/\" rel=\"bookmark\"><span class=\"entry-title-date\"><\/span><span class=\"light\">Pomagamy Kacperkowi<\/span><\/a><\/div>\t\t\t\t\t\t\t\t\t\t\t<\/div>\n\n\t\t\t\t\t\t\t\t\t\t\t<div class=\"post-text\">\n\t\t\t\t\t\t\t<div class=\"summary\">\n\t\t\t\t\t\t\t\t\t\t\t\t\t\t\t\t\t<p>Pomagamy ma\u0142emu Kacperkowi z Jas\u0142a<\/p>\n\t\t\t\t\t\t\t\t\t\t\t\t\t\t\t<\/div>\n\t\t\t\t\t\t<\/div>\n\t\t\t\t\t\n\t\t\t\t\t<div class=\"info clearfix\">\n\t\t\t\t\t\t\t<div class=\"post-footer-sharing\">\n\t\t\t\t\t\t\t\t\n<div class=\"gem-button-container gem-widget-button gem-button-position-inline\">\n\t<a class=\"gem-button gem-button-size-tiny gem-button-style-flat gem-button-text-weight-normal gem-button-empty\" href=\"#\" target=\"_self\">\n\t\t<div class=\"elementor-icon\">\n\t\t\t\t\t\t\t<i class=\"default\"><\/i>\n\t\t\t\t\t<\/div>\n\t<\/a>\n<\/div>\n\n<div class=\"sharing-popup\">\n\t<div class=\"socials-sharing socials socials-colored-hover\">\n\n\t\t\t\t\t<a class=\"socials-item\" target=\"_blank\" href=\"https:\/\/www.facebook.com\/sharer\/sharer.php?u=https%3A%2F%2Felitasmaku.pl%2Findex.php%2F2019%2F11%2F16%2Frelaxing-atmosphere%2F\" title=\"Facebook\"><i class=\"socials-item-icon facebook\"><\/i><\/a>\n\t\t\n\t\t\t\t\t<a class=\"socials-item\" target=\"_blank\" href=\"https:\/\/twitter.com\/intent\/tweet?text=Pomagamy+Kacperkowi&#038;url=https%3A%2F%2Felitasmaku.pl%2Findex.php%2F2019%2F11%2F16%2Frelaxing-atmosphere%2F\" title=\"Twitter\"><i class=\"socials-item-icon twitter\"><\/i><\/a>\n\t\t\n\t\t\t\t\t<a class=\"socials-item\" target=\"_blank\" href=\"https:\/\/pinterest.com\/pin\/create\/button\/?url=https%3A%2F%2Felitasmaku.pl%2Findex.php%2F2019%2F11%2F16%2Frelaxing-atmosphere%2F&#038;description=Pomagamy+Kacperkowi&#038;media=https%3A%2F%2Felitasmaku.pl%2Fwp-content%2Fuploads%2F2019%2F11%2FKacperek-ES-thegem-blog-timeline-large.gif\" title=\"Pinterest\"><i class=\"socials-item-icon pinterest\"><\/i><\/a>\n\t\t\n\t\t\t\t\t<a class=\"socials-item\" target=\"_blank\" href=\"http:\/\/tumblr.com\/widgets\/share\/tool?canonicalUrl=https%3A%2F%2Felitasmaku.pl%2Findex.php%2F2019%2F11%2F16%2Frelaxing-atmosphere%2F\" title=\"Tumblr\"><i class=\"socials-item-icon tumblr\"><\/i><\/a>\n\t\t\n\t\t\t\t\t<a class=\"socials-item\" target=\"_blank\" href=\"https:\/\/www.linkedin.com\/shareArticle?mini=true&#038;url=https%3A%2F%2Felitasmaku.pl%2Findex.php%2F2019%2F11%2F16%2Frelaxing-atmosphere%2F&#038;title=Pomagamy+Kacperkowi&amp;summary=Pomagamy+ma%C5%82emu+Kacperkowi+z+Jas%C5%82a\" title=\"LinkedIn\"><i class=\"socials-item-icon linkedin\"><\/i><\/a>\n\t\t\n\t\t\t\t\t<a class=\"socials-item\" target=\"_blank\" href=\"https:\/\/www.reddit.com\/submit?url=https%3A%2F%2Felitasmaku.pl%2Findex.php%2F2019%2F11%2F16%2Frelaxing-atmosphere%2F&#038;title=Pomagamy+Kacperkowi\" title=\"Reddit\"><i class=\"socials-item-icon reddit\"><\/i><\/a>\n\t\t\n\t<\/div>\n\t<svg class=\"sharing-styled-arrow\"><use xlink:href=\"https:\/\/elitasmaku.pl\/wp-content\/themes\/thegem-elementor\/css\/post-arrow.svg#dec-post-arrow\"><\/use><\/svg>\n<\/div>\n\t\t\t\t\t\t\t<\/div>\n\t\t\t\t\t\t\t<div class=\"post-read-more\">\n\t\t\t\t\t\t\t\t\t<div class=\"gem-button-container gem-widget-button gem-button-position-inline\">\n\t\t<a class=\"gem-button gem-button-size-tiny gem-button-style-outline\" href=\"https:\/\/elitasmaku.pl\/index.php\/2019\/11\/16\/relaxing-atmosphere\/\">\n\t\t\t<span class=\"gem-inner-wrapper-btn\">\n\t\t\t\t\t\t\t\t<span class=\"gem-text-button\">\n\t\t\t\t\tCzytaj wi\u0119cej\t\t\t\t<\/span>\n\t\t\t<\/span>\n\t\t<\/a>\n\t<\/div>\n\t\t\t\t\t\t\t<\/div>\n\t\t\t\t\t<\/div>\n\t\t\t\t<\/div>\n\t\t\t<\/div>\n\n\t\t<\/div>\n\n\t\t\t<\/div>\n\t<\/article>\n\n<article id=\"post-1359\" class=\"post-item sticky col-lg-6 col-md-6 col-sm-12 col-xs-12 item-animations-not-inited post-1359 post type-post status-publish format-standard has-post-thumbnail category-blog category-uncategorized tag-kompot-w-nowej-odslonie\">\n\t\t\t<div class=\"item-lazy-scroll-wrap\">\n\t\n\t\t\t<div class=\"post-content-wrapper\">\n\t\t\n\t\t\t\t\t\t\t<div class=\"sticky-label\">\n\t\t\t\t\t<div class=\"elementor-icon\">\n\t\t\t\t\t\t\t\t\t\t\t\t\t<i class=\"default\"><\/i>\n\t\t\t\t\t\t\t\t\t\t\t<\/div>\n\t\t\t\t<\/div>\n\t\t\t\t\t\t\n\t\t\t\t\t\t\t<div class=\"post-image\"><div class=\"post-featured-content\"><a href=\"https:\/\/elitasmaku.pl\/index.php\/2019\/11\/03\/100-fresh-products\/\">\t\t<picture>\n\t\t\t\t\t\t<img src=\"https:\/\/elitasmaku.pl\/wp-content\/uploads\/2019\/11\/179147687_1210959499336632_5077626289590728027_n-ok-thegem-blog-masonry-sticky.jpg\" width=\"1280\" height=\"960\"  class=\"img-responsive\" alt=\"179147687_1210959499336632_5077626289590728027_n ok\" \/>\n\t\t<\/picture>\n\t\t<\/a><\/div><\/div>\n\t\t\t\n\t\t\t<div class=\"caption-container\">\n\t\t\t\t<div class=\"description\">\n\t\t\t\t\t<div class=\"post-meta-conteiner\">\n\n\t\t\t\t\t\t\t<span class=\"post-meta-author\">\n\t\t\t\t\t\t\t\t\t\t\t\t\t\t\t<\/span>\n\n\t\t\t\t\t\t<div class=\"post-meta-right\">\n\t\t\t\t\t\t\t\n\t\t\t\t\t\t\t\t\t\t\t\t\t\t\t\t\t\t\t\t<\/div>\n\t\t\t\t\t<\/div>\n\n\t\t\t\t\t<div class=\"post-title\">\n\t\t\t\t\t\t\t\t\t\t\t\t\t<div class=\"entry-title title-h4\"><a href=\"https:\/\/elitasmaku.pl\/index.php\/2019\/11\/03\/100-fresh-products\/\" rel=\"bookmark\"><span class=\"entry-title-date\"><\/span><span class=\"light\">Kompot w nowej ods\u0142onie!<\/span><\/a><\/div>\t\t\t\t\t\t\t\t\t\t\t<\/div>\n\n\t\t\t\t\t\t\t\t\t\t\t<div class=\"post-text\">\n\t\t\t\t\t\t\t<div class=\"summary\">\n\t\t\t\t\t\t\t\t\t\t\t\t\t\t\t\t\t<p>Czy pami\u0119tacie nasz pyszny domowy kompot\u2753<br \/>\nOd dzi\u015b na pro\u015bb\u0119 naszych klient\u00f3w dost\u0119pny r\u00f3wnie\u017c w sprzeda\u017cy na wynos, w naszych firmowych butelkach \ud83d\ude00.<br \/>\nStaramy si\u0119 dba\u0107 o nasze \u015brodowisko \ud83c\udf33\ud83c\udf31\u2618\ufe0f,<br \/>\nwi\u0119c butelki mo\u017cecie zwr\u00f3ci\u0107 przy nast\u0119pnym zam\u00f3wieniu \ud83d\ude0d.<\/p>\n\t\t\t\t\t\t\t\t\t\t\t\t\t\t\t<\/div>\n\t\t\t\t\t\t<\/div>\n\t\t\t\t\t\n\t\t\t\t\t<div class=\"info clearfix\">\n\t\t\t\t\t\t\t<div class=\"post-footer-sharing\">\n\t\t\t\t\t\t\t\t\n<div class=\"gem-button-container gem-widget-button gem-button-position-inline\">\n\t<a class=\"gem-button gem-button-size-tiny gem-button-style-flat gem-button-text-weight-normal gem-button-empty\" href=\"#\" target=\"_self\">\n\t\t<div class=\"elementor-icon\">\n\t\t\t\t\t\t\t<i class=\"default\"><\/i>\n\t\t\t\t\t<\/div>\n\t<\/a>\n<\/div>\n\n<div class=\"sharing-popup\">\n\t<div class=\"socials-sharing socials socials-colored-hover\">\n\n\t\t\t\t\t<a class=\"socials-item\" target=\"_blank\" href=\"https:\/\/www.facebook.com\/sharer\/sharer.php?u=https%3A%2F%2Felitasmaku.pl%2Findex.php%2F2019%2F11%2F03%2F100-fresh-products%2F\" title=\"Facebook\"><i class=\"socials-item-icon facebook\"><\/i><\/a>\n\t\t\n\t\t\t\t\t<a class=\"socials-item\" target=\"_blank\" href=\"https:\/\/twitter.com\/intent\/tweet?text=Kompot+w+nowej+ods%C5%82onie%21&#038;url=https%3A%2F%2Felitasmaku.pl%2Findex.php%2F2019%2F11%2F03%2F100-fresh-products%2F\" title=\"Twitter\"><i class=\"socials-item-icon twitter\"><\/i><\/a>\n\t\t\n\t\t\t\t\t<a class=\"socials-item\" target=\"_blank\" href=\"https:\/\/pinterest.com\/pin\/create\/button\/?url=https%3A%2F%2Felitasmaku.pl%2Findex.php%2F2019%2F11%2F03%2F100-fresh-products%2F&#038;description=Kompot+w+nowej+ods%C5%82onie%21&#038;media=https%3A%2F%2Felitasmaku.pl%2Fwp-content%2Fuploads%2F2019%2F11%2F179147687_1210959499336632_5077626289590728027_n-ok-thegem-blog-timeline-large.jpg\" title=\"Pinterest\"><i class=\"socials-item-icon pinterest\"><\/i><\/a>\n\t\t\n\t\t\t\t\t<a class=\"socials-item\" target=\"_blank\" href=\"http:\/\/tumblr.com\/widgets\/share\/tool?canonicalUrl=https%3A%2F%2Felitasmaku.pl%2Findex.php%2F2019%2F11%2F03%2F100-fresh-products%2F\" title=\"Tumblr\"><i class=\"socials-item-icon tumblr\"><\/i><\/a>\n\t\t\n\t\t\t\t\t<a class=\"socials-item\" target=\"_blank\" href=\"https:\/\/www.linkedin.com\/shareArticle?mini=true&#038;url=https%3A%2F%2Felitasmaku.pl%2Findex.php%2F2019%2F11%2F03%2F100-fresh-products%2F&#038;title=Kompot+w+nowej+ods%C5%82onie%21&amp;summary=Czy+pami%C4%99tacie+nasz+pyszny+domowy+kompot%E2%9D%93%0AOd+dzi%C5%9B+na+pro%C5%9Bb%C4%99+naszych+klient%C3%B3w+dost%C4%99pny+r%C3%B3wnie%C5%BC+w+sprzeda%C5%BCy+na+wynos%2C+w+naszych+firmowych+butelkach+%F0%9F%98%80.%0AStaramy+si%C4%99+dba%C4%87+o+nasze+%C5%9Brodowisko+%F0%9F%8C%B3%F0%9F%8C%B1%E2%98%98%EF%B8%8F%2C%0Awi%C4%99c+butelki+mo%C5%BCecie+zwr%C3%B3ci%C4%87+przy+nast%C4%99pnym+zam%C3%B3wieniu+%F0%9F%98%8D.%0A+\" title=\"LinkedIn\"><i class=\"socials-item-icon linkedin\"><\/i><\/a>\n\t\t\n\t\t\t\t\t<a class=\"socials-item\" target=\"_blank\" href=\"https:\/\/www.reddit.com\/submit?url=https%3A%2F%2Felitasmaku.pl%2Findex.php%2F2019%2F11%2F03%2F100-fresh-products%2F&#038;title=Kompot+w+nowej+ods%C5%82onie%21\" title=\"Reddit\"><i class=\"socials-item-icon reddit\"><\/i><\/a>\n\t\t\n\t<\/div>\n\t<svg class=\"sharing-styled-arrow\"><use xlink:href=\"https:\/\/elitasmaku.pl\/wp-content\/themes\/thegem-elementor\/css\/post-arrow.svg#dec-post-arrow\"><\/use><\/svg>\n<\/div>\n\t\t\t\t\t\t\t<\/div>\n\t\t\t\t\t\t\t<div class=\"post-read-more\">\n\t\t\t\t\t\t\t\t\t<div class=\"gem-button-container gem-widget-button gem-button-position-inline\">\n\t\t<a class=\"gem-button gem-button-size-tiny gem-button-style-outline\" href=\"https:\/\/elitasmaku.pl\/index.php\/2019\/11\/03\/100-fresh-products\/\">\n\t\t\t<span class=\"gem-inner-wrapper-btn\">\n\t\t\t\t\t\t\t\t<span class=\"gem-text-button\">\n\t\t\t\t\tCzytaj wi\u0119cej\t\t\t\t<\/span>\n\t\t\t<\/span>\n\t\t<\/a>\n\t<\/div>\n\t\t\t\t\t\t\t<\/div>\n\t\t\t\t\t<\/div>\n\t\t\t\t<\/div>\n\t\t\t<\/div>\n\n\t\t<\/div>\n\n\t\t\t<\/div>\n\t<\/article>\n\t\t\t<\/div>\n\t\t\t\t\t<style>\n\t\t\t\t.elementor-element-52cdf96 .blog-grid .post-image a:hover:after{opacity: 1 !important;}\n\t\t\t\t.elementor-element-52cdf96 .blog-grid .post-content-wrapper:hover .post-image a:after{opacity: 1 !important;}\n\t\t\t<\/style>\n\t\t\n\t\t\t\n\t\t\t\n\t\t\t\n\t\t\t\n\t\t\t\n\t\t\t\t\t\t<\/div>\n\t\t\t\t<\/div>\n\t\t\t\t\t<\/div>\n\t\t<\/div>\n\t\t\t\t\t<\/div><\/div>\r\n\t\t<\/section>\r\n\t\t\t\t<\/div>\n\t\t","protected":false},"excerpt":{"rendered":"<p>Pisz\u0105 o nas Pisz\u0105 o nas \u2013 artyku\u0142 na portalu Jaslo4u.pl Czytaj wi\u0119cej Nowo\u015bci w Elita Smaku Zgodnie z sugestia&#8230;<\/p>\n","protected":false},"author":1,"featured_media":0,"parent":1132,"menu_order":0,"comment_status":"closed","ping_status":"closed","template":"page-fullwidth.php","meta":{"om_disable_all_campaigns":false,"footnotes":""},"class_list":["post-383","page","type-page","status-publish"],"_links":{"self":[{"href":"https:\/\/elitasmaku.pl\/index.php\/wp-json\/wp\/v2\/pages\/383","targetHints":{"allow":["GET"]}}],"collection":[{"href":"https:\/\/elitasmaku.pl\/index.php\/wp-json\/wp\/v2\/pages"}],"about":[{"href":"https:\/\/elitasmaku.pl\/index.php\/wp-json\/wp\/v2\/types\/page"}],"author":[{"embeddable":true,"href":"https:\/\/elitasmaku.pl\/index.php\/wp-json\/wp\/v2\/users\/1"}],"replies":[{"embeddable":true,"href":"https:\/\/elitasmaku.pl\/index.php\/wp-json\/wp\/v2\/comments?post=383"}],"version-history":[{"count":0,"href":"https:\/\/elitasmaku.pl\/index.php\/wp-json\/wp\/v2\/pages\/383\/revisions"}],"up":[{"embeddable":true,"href":"https:\/\/elitasmaku.pl\/index.php\/wp-json\/wp\/v2\/pages\/1132"}],"wp:attachment":[{"href":"https:\/\/elitasmaku.pl\/index.php\/wp-json\/wp\/v2\/media?parent=383"}],"curies":[{"name":"wp","href":"https:\/\/api.w.org\/{rel}","templated":true}]}}